{"id":4316,"date":"2020-10-22T06:52:22","date_gmt":"2020-10-22T06:52:22","guid":{"rendered":"https:\/\/samsara.ro\/politica-privind-prelucrarea-datelor-cu-caracter-personal-samsara-foodhouse\/"},"modified":"2022-10-18T11:45:03","modified_gmt":"2022-10-18T09:45:03","slug":"politica-privind-prelucrarea-datelor-cu-caracter-personal-samsara-foodhouse","status":"publish","type":"page","link":"https:\/\/samsara.ro\/en\/politica-privind-prelucrarea-datelor-cu-caracter-personal-samsara-foodhouse\/","title":{"rendered":"POLITICA PRIVIND PRELUCRAREA DATELOR CU CARACTER PERSONAL  SAMSARA FOODHOUSE"},"content":{"rendered":"<p>[vc_row][vc_column][vc_column_text]<\/p>\n<h3 style=\"text-align: center;\">Politica GDPR a site-ului www.samsara.ro<\/h3>\n<h3 style=\"text-align: center;\">Politica privind prelucrarea datelor cu caracter personal<\/h3>\n<p>SAMSARA FOODHOUSE<\/p>\n<p>Politica privind prelucrarea datelor cu caracter personal descrie categoriile de date pe care le prelucr\u0103m, modalitatea \u0219i scopurile \u00een care le colect\u0103m, \u00een ce situa\u021bii transfer\u0103m date cu caracter personal \u0219i diversele drepturi \u0219i op\u021biuni de care dispune\u021bi \u00een acest sens.<\/p>\n<p>OPERATORUL DATELOR DUMNEAVOASTR\u0102 CU CARACTER\u00a0 PERSONAL<\/p>\n<p>SAMSARA FOODHOUSE SRL, persoana juridic\u0103, cu sediul \u00een Cluj-Napoca, Strada Cardinal Iuliu Hossu, numarul 3, Jude\u021bul Cluj, Cod postal 400029, CUI RO31304417 este operatorul datelor dumneavoastr\u0103 cu caracter personal.<\/p>\n<p>CATEGORII DE DATE CU CARACTER PERSONAL PRELUCRATE<\/p>\n<p>Datele cu caracter personal pe care le prelucr\u0103m pot include:<\/p>\n<p>Informa\u021bii de contact, cum ar fi numele \u0219i prenumele dumneavoastr\u0103, denumirea firmei, \u021bara de origine, ora\u0219ul de domiciliu, adresa de domiciliu, adresa po\u0219tal\u0103, num\u0103rul de telefon, adresa de e-mail;<br \/>\nInforma\u021bii suplimentare prelucrate \u00een mod obligatoriu \u00een vederea \u00eencheierii sau exercit\u0103rii unui raport contractual sau comunicate \u00een mod voluntar de c\u0103tre dumneavoastr\u0103, cum ar fi instruc\u021biuni acordate, pl\u0103\u021bi efectuate, solicit\u0103ri \u0219i proiecte;<br \/>\nInforma\u021bii colectate din surse publice;<br \/>\nAlte date cu caracter personal necesare \u00een scopul inform\u0103rii dumneavoastr\u0103 dac\u0103 se dovedesc relevante activit\u0103\u021bii pe care o desf\u0103\u0219ur\u0103m care se \u00eencadreaz\u0103 \u00een interesul legitim al operatorului;<br \/>\n\u00cen situa\u021bii limitate, \u00een care pentru\u00a0 desf\u0103\u0219urarea activit\u0103\u021bii noastre, trebuie s\u0103 colect\u0103m categorii speciale de date cu caracter personal astfel cum sunt ele reg\u0103site \u00een cadrul art. 9 al Regulamentului privind protec\u021bia persoanelor fizice\u00a0 \u00een ceea ce prive\u0219te prelucrarea datelor cu caracter personal \u0219i libera circula\u021bie a acestor date (\u201dGDPR\u201d), respectiv codul numeric personal, fotografii cu dumneavoastr\u0103, date de s\u0103n\u0103tate cu caracter personal, date cu privire la opiniile dumneavoastr\u0103 politice \u0219i date privind cazierul judiciar, prelucrarea se va face doar:<\/p>\n<p>i. pe baza consim\u021b\u0103m\u00e2ntului prealabil expres al dumneavoastr\u0103 sau pe baza dovezii juste a consim\u021b\u0103m\u00e2ntului dumneavoastr\u0103 furnizate de o ter\u021b\u0103 persoan\u0103 care ne comunic\u0103 aceste date;<\/p>\n<p>ii. \u00een baza unei obliga\u021bii legale de prelucrare a acestor categorii de date;<\/p>\n<p>iii.\u00a0 \u00een baza unei obliga\u021bii care ap\u0103r\u0103 un drept legitim;<\/p>\n<p>Adrese IP. Site-urile colec\u021bioneaz\u0103 adrese IP (Internet Protocol). O adres\u0103 IP este un num\u0103r, asignat calculatorului dvs. de c\u0103tre furnizorul dvs de internet, ce v\u0103 permite accesarea internetului. O adres\u0103 IP poate fi o dat\u0103 personal\u0103. Folosim adrese IP pentru a diagnostica probleme cu servere, raportarea informa\u021biilor sub form\u0103 agregat\u0103, determinarea celei mai eficiente conexiuni cu site-ul nostru \u0219i pentru administrarea \u0219i \u00eembun\u0103t\u0103\u021birea site-ului.<br \/>\nCookies. Aceast\u0103 pagin\u0103 web folose\u0219te cookie-uri pentru a \u00eembun\u0103t\u0103\u021bi experien\u021ba de navigare \u0219i a asigura func\u021bionali\u021b\u0103\u021bi adi\u021bionale. Un cookie este un mic fi\u0219ier text, p\u0103strat pe calculatorul, tableta sau telefonul dvs. c\u00e2nd deschide\u021bi un site web, ce ajut\u0103 site-ul s\u0103 v\u0103 recunoasc\u0103, inclusiv preferin\u021bele dvs. Unele cookie-uri sunt \u0219terse atunci c\u00e2nd \u00eenchide\u021bi browser-ul. Acestea se numesc session cookies. Altele r\u0103m\u00e2n pe device-ul dvs p\u00e2n\u0103 expir\u0103 sau p\u00e2n\u0103 le \u0219terge\u021bi din cache-ul dvs. Acestea se numesc persistent cookies, ce ne permit s\u0103 re\u021binem informa\u021bii despre vizitatori recuren\u021bi. Cookie-urile pe care le folosim ne permit s\u0103 recunoa\u0219tem \u0219i s\u0103 num\u0103r\u0103m vizitatorii prezen\u021bi, \u0219i s\u0103 vedem pe unde se duc vizitatorii pe site. Astfel, putem s\u0103 \u00eembun\u0103t\u0103\u021bim func\u021bionarea site-urilor, de exemplu prin organizarea lor astfel \u00eenc\u00e2t utilizatorii g\u0103sesc u\u0219or ce caut\u0103. Cookie-urile noastre ne permit de asemenea s\u0103 personaliz\u0103m con\u021binutul vizualizat de dvs, \u00een func\u021bie de preferin\u021bele indicate de dvs.<\/p>\n<p>MODALITATEA \u00ceN CARE COLECT\u0102M DATELE DUMNEAVOASTR\u0102 CU CARACTER PERSONAL<\/p>\n<p>Putem colecta date cu caracter personal cu privire la dumneavoastr\u0103 \u00een anumite \u00eemprejur\u0103ri, inclusiv:<\/p>\n<p>\u00cen momentul \u00een care dumneavoastr\u0103 sau organiza\u021bia dumneavoastr\u0103 se angajeaz\u0103 \u00een rela\u021bii de natur\u0103 contractual\u0103 cu noi;<br \/>\n\u00cen momentul \u00een care ne comunica\u021bi dumneavoastr\u0103 sau organiza\u021bia dumneavoastr\u0103 voluntar, din orice motiv, datele dumneavoastr\u0103 cu caracter personal;<br \/>\n\u00cen momentul \u00een care naviga\u021bi, solicita\u021bi informa\u021bii sau interac\u021biona\u021bi, sau organiza\u021bia dumneavoastr\u0103 navigheaz\u0103, solicit\u0103 informa\u021bii sau interac\u021bioneaz\u0103 pe website-ul nostru;<br \/>\n\u00cen momentul \u00een care participa\u021bi la un\u00a0 eveniment organizat de c\u0103tre noi care presupune oferirea din partea dumneavoastr\u0103 a datelor cu caracter personal;<\/p>\n<p>TEMEIURI JURIDICE \u00ceN BAZA C\u0102RORA SE PRELUCRAREA DATELOR CU CARACTER PERSONAL<\/p>\n<p>Orice opera\u021biune care echivaleaz\u0103 cu o prelucrare (colectare, stocare, \u00eenregistrare, structurare, adaptare sau modificare, extragere, consultare, utilizare, divulgare prin transmitere, distrugere) a datelor dumneavoastr\u0103 cu caracter personal va fi efectuat\u0103 pe baza unuia dintre temeiurile juridice de mai jos:<\/p>\n<p>Prelucrarea este necesar\u0103 \u00een vederea execut\u0103rii unui contract la care dumneavoastr\u0103 sunte\u021bi parte sau organiza\u021bia dumneavoastr\u0103 este parte, sau prelucrarea respectiv\u0103 este necesar\u0103 \u00een vederea \u00eencheierii unui contract cu dumneavoastr\u0103 sau organiza\u021bia dumneavoastr\u0103;<br \/>\nPrelucrarea este necesar\u0103 \u00een vederea respect\u0103rii unei obliga\u021bii legale;<br \/>\nPrelucrarea este efectuat\u0103 \u00een temeiul consim\u021b\u0103m\u00e2ntului dumneavoastr\u0103 prealabil \u0219i explicit;<br \/>\nPrelucrarea este necesar\u0103 \u00een vederea protej\u0103rii intereselor vitale ale dumneavoastr\u0103 sau ale altei persoane fizice;<br \/>\nPrelucrarea este necesar\u0103 \u00een scopul intereselor noastre legitime sau ale unui ter\u021b, cu excep\u021bia cazurilor \u00een care interesele sau drepturile \u0219i libert\u0103\u021bile dumneavoastr\u0103 fundamentale prevaleaz\u0103 asupra acestor interese.<\/p>\n<p>ACTUALIZAREA DATELOR CU CARACTER PERSONAL CU PRIVIRE LA DUMNEAVOASTR\u0102<\/p>\n<p>\u00cen cazul \u00een care oricare dintre datele cu caracter personal pe care ni le-a\u021bi furnizat sufer\u0103 modific\u0103ri, spre exemplu dac\u0103 v\u0103 schimba\u021bi prenumele, numele, num\u0103rul de telefon sau adresa de e-mail sau dac\u0103 lua\u021bi cuno\u0219tin\u021b\u0103 de faptul c\u0103 de\u021binem orice date cu caracter personal incorecte cu privire la dumneavoastr\u0103, v\u0103 rug\u0103m s\u0103 ne anun\u021ba\u021bi prin comunicarea unui e-mail la hello@samsara.ro. Nu vom fi r\u0103spunz\u0103tori pentru nicio pierdere decurg\u00e2nd din Date cu Caracter Personal incorecte, neautentice, insuficiente sau incomplete pe care ni le furniza\u021bi.<\/p>\n<p>PERIOADA DE STOCARE A DATELOR\u00a0 DUMNEAVOASTR\u0102 CU CARACTER PERSONAL<\/p>\n<p>Datele dumneavoastr\u0103 cu caracter personal vor fi \u0219terse sau eliminate atunci c\u00e2nd nu mai sunt necesare \u00een mod rezonabil \u00een Scopurile Permise sau atunci c\u00e2nd v\u0103 retrage\u021bi consim\u021b\u0103m\u00e2ntul (\u00een situa\u021bia \u00een care acesta a fost acordat) \u0219i nu mai exist\u0103 obliga\u021bia legal\u0103 de a continua opera\u021biunea de\u00a0 stocare a datelelor personale.<\/p>\n<p>&nbsp;<\/p>\n<p>DREPTURILE DUMNEAVOASTR\u0102 \u00ceN LEG\u0102TUR\u0102 CU PRELUCRAREA DATELOR CU CARACTER PERSONAL<\/p>\n<p>Potrivit dispozi\u021biilor legale aplicabile \u0219i sub rezerva anumitor condi\u021bii legale, ave\u021bi urm\u0103toarele drepturi \u00een leg\u0103tur\u0103 cu prelucrarea datelor dumneavoastr\u0103 cu caracter personal:<\/p>\n<p>Dreptul de acces, care include dreptul de a \u0219ti dac\u0103 prelucr\u0103m date despre dumneavoastr\u0103 \u0219i\u00a0 dreptul de a afla care sunt acestea, cui sunt transferate, c\u00e2t timp vor fi p\u0103strate, unde le-am ob\u021binut \u0219i dac\u0103 se folosesc pentru profilare\/decizii automatizate.<br \/>\nDreptul la rectificare. Dac\u0103 datele pe care le avem sunt incorecte, trebuie s\u0103 le corect\u0103m (mai pu\u021bin \u00een cazul \u00een care le prelucr\u0103m pentru altcineva. \u00cen acest caz, v\u0103 vom informa cui trebuie s\u0103 trimite\u021bi cererea dumneavoastr\u0103.).<br \/>\nDreptul la \u0219tergere (\u201edreptul de a fi uitat\u201d) la cerere, vom \u0219terge datele dumneavoastr\u0103 personale c\u00e2t mai repede posibil, dac\u0103 1) nu mai sunt necesare pentru scopul \u00een care sunt ob\u021binute sau 2) dac\u0103 v\u0103 retrage\u021bi consim\u021b\u0103m\u00e2ntul pentru prelucrarea acestor date\/dac\u0103 ave\u021bi obiec\u021bii privind prelucrarea (mai pu\u021bin dac\u0103 ni le trebuie pentru un litigiu, executarea unui contract sau obliga\u021bii legale). De asemenea, dac\u0103 descoperim c\u0103 avem o obliga\u021bie legal\u0103 de \u0219tergere sau dac\u0103 prelucrarea ar fi nelegal\u0103, le vom \u0219terge. Dac\u0103 datele sunt prelucrate \u0219i de ter\u021bi, vom lua m\u0103suri rezonabile de a le informa despre cererea de \u0219tergere.<br \/>\nDreptul la restr\u00e2ngerea proces\u0103rii, dac\u0103 ele sunt nelegale, presupus incorecte, contestate, sau nu mai sunt necesare.<br \/>\nDreptul la informare.\u00a0 V\u0103 inform\u0103m c\u00e2t mai clar despre drepturile dumneavoastr\u0103 \u00een domeniul datelor personale, \u0219i despre ce date prelucr\u0103m despre dumneavoastr\u0103. sau (dac\u0103 e cazul) \u00eemp\u0103r\u021bim cu ter\u021bi.<br \/>\nDreptul la portare. Dac\u0103 v\u0103 prelucr\u0103m datele personale \u00een mod automatizat, \u00een baz\u0103 de consim\u021b\u0103m\u00e2nt sau contract, ne pute\u021bi cere sa vi le d\u0103m \u00een format si v\u0103 vom r\u0103spunde solicit\u0103rii \u00eentr-un termen rezonabil.<br \/>\nDreptul de a obiecta. Ne pute\u021bi indica dac\u0103 dori\u021bi s\u0103 nu mai prelucr\u0103m datele dvs personale. Vom da curs cererii dvs dac\u0103 nu putem demonstra interese legitime suficiente. \u00cen orice caz, datele procesate pentru marketing direct vor fi \u0219terse la cerere.<br \/>\nDreptul de a nu face obiectul unei decizii bazate exclusiv pe prelucrarea automat\u0103, inclusiv crearea de profiluri, cu excep\u021bia cazului \u00een care a\u021bi dat un consim\u021b\u0103m\u00e2nt explicit sau dac\u0103 ele sunt necesare pentru executarea unui contract.<br \/>\nDreptul de a depune o pl\u00e2ngere la o autoritate de supraveghere, \u00een Rom\u00e2nia este vorba despre ANSPDCP (Autoritatea Na\u021bional\u0103 de Supraveghere a Prelucr\u0103rii Datelor cu Caracter Personal), web: www.dataprotection.ro, e-mail: anspdcp@dataprotection.ro.<br \/>\nDe asemenea ave\u021bi \u0219i urm\u0103toarele drepturi:<\/p>\n<p>dreptul de a solicita o copie a datelor cu caracter personal referitoare la dumneavoastr\u0103 pe care le de\u021binem; \u00een cazul \u00een care v\u0103 exercita\u021bi acest drept \u00eentr-un mod care este evident abuziv sau nefondat, ne rezerv\u0103m dreptul la rambursarea costurilor necesare suportate pentru prelucrarea copiilor respective \u0219i pentru remiterea copiilor \u00eentr-o perioad\u0103 de timp rezonabil\u0103;<br \/>\ndreptul la rectificarea oric\u0103ror date cu caracter personal incorecte \u0219i dreptul la opozi\u021bie sau la restric\u021bionarea utiliz\u0103rii de c\u0103tre noi a datelor dumneavoastr\u0103 cu caracter personal;<br \/>\npute\u021bi de asemenea s\u0103 face\u021bi o pl\u00e2ngere dac\u0103 sunte\u021bi preocupat de modul \u00een care gestion\u0103m datele dumneavoastr\u0103 cu caracter personal;<br \/>\ndreptul la \u0219tergerea datelor dumneavoastr\u0103 cu caracter personal, \u00een situa\u021biile \u00een care v-a\u021bi retras consim\u021b\u0103m\u00e2ntul, prelucrarea nu mai este necesar\u0103 sau prelucrarea respectiv\u0103 este contrar\u0103 legii.<br \/>\nDac\u0103 dori\u021bi s\u0103 proceda\u021bi \u00een sensul celor de mai sus, v\u0103 rug\u0103m s\u0103 ne transmite\u021bi un e-mail la adresa hello@samsara.ro. Este posibil s\u0103 v\u0103 cerem s\u0103 v\u0103 dovedi\u021bi identitatea comunic\u00e2ndu-ne o copie a unui mijloc valabil de identificare pentru a ne conforma cu obliga\u021biile de securitate pe care le avem \u0219i a \u00eempiedica divulgarea neautorizat\u0103 a datelor.<\/p>\n<p>Vom lua \u00een considerare orice solicit\u0103ri sau pl\u00e2ngeri pe care le primim \u0219i v\u0103 vom transmite un r\u0103spuns \u00een timp util. Dac\u0103 nu sunte\u021bi mul\u021bumit de r\u0103spunsul nostru, pute\u021bi \u00eenainta pl\u00e2ngerea c\u0103tre Autoritatea Na\u021bional\u0103 de Supraveghere a Prelucr\u0103rii Datelor cu Caracter Personal \u2013 cu sediul \u00een Bd. Gheorghe Magheru nr. 28-30, Bucure\u0219ti, Rom\u00e2nia.<\/p>\n<p>ACTUALIZ\u0102RI ALE ACESTEI POLITICI DE PRELUCRARE A DATELOR CU CARACTER PERSONAL<br \/>\nCea mai recent\u0103 actualizare a acestei Politici de prelucrare a datelor cu caracter personal a fost realizat\u0103 \u00een luna mai 2018. Ne rezerv\u0103m dreptul de a actualiza \u0219i modifica periodic aceast\u0103 Politic\u0103 de prelucrare a date, pentru a reflecta orice modific\u0103ri ale modului \u00een care prelucr\u0103m datele dumneavoastr\u0103 cu caracter personal sau orice modific\u0103ri ale cerin\u021belor legale. \u00cen cazul oric\u0103rei astfel de modific\u0103ri, vom afi\u0219a pe website-ul nostru versiunea modificat\u0103 a Politicii privind datele cu caracter personal \u0219i\/sau o vom pune la dispozi\u021bie \u00een alt mod.<\/p>\n<p>DATE DE CONTACT<br \/>\nDac\u0103 dori\u021bi s\u0103 ne contacta\u021bi \u00een leg\u0103tur\u0103 cu orice \u00eentreb\u0103ri, observa\u021bii sau solicit\u0103ri legate de Politica de prelucrare a datelor cu caracter personal, v\u0103 rug\u0103m s\u0103 ne transmite\u021bi un e-mail la adresa hello@samsara.ro.[\/vc_column_text][\/vc_column][\/vc_row]<\/p>\n","protected":false},"excerpt":{"rendered":"<p>[vc_row][vc_column][vc_column_text] Politica GDPR a site-ului www.samsara.ro Politica privind prelucrarea datelor cu caracter personal SAMSARA FOODHOUSE Politica privind prelucrarea datelor cu caracter personal descrie categoriile de date pe care le prelucr\u0103m, modalitatea \u0219i scopurile \u00een care le colect\u0103m, \u00een ce situa\u021bii transfer\u0103m date cu caracter personal \u0219i diversele drepturi \u0219i op\u021biuni de care dispune\u021bi \u00een acest sens. OPERATORUL DATELOR DUMNEAVOASTR\u0102 CU [&hellip;]<\/p>\n","protected":false},"author":1,"featured_media":0,"parent":0,"menu_order":0,"comment_status":"closed","ping_status":"closed","template":"","meta":{"footnotes":""},"yoast_head":"<!-- This site is optimized with the Yoast SEO plugin v21.5 - https:\/\/yoast.com\/wordpress\/plugins\/seo\/ -->\n<title>POLITICA PRIVIND PRELUCRAREA DATELOR CU CARACTER PERSONAL SAMSARA FOODHOUSE - Samsara<\/title>\n<meta name=\"robots\" content=\"index, follow, max-snippet:-1, max-image-preview:large, max-video-preview:-1\" \/>\n<link rel=\"canonical\" href=\"https:\/\/samsara.ro\/en\/politica-privind-prelucrarea-datelor-cu-caracter-personal-samsara-foodhouse\/\" \/>\n<meta property=\"og:locale\" content=\"en_US\" \/>\n<meta property=\"og:type\" content=\"article\" \/>\n<meta property=\"og:title\" content=\"POLITICA PRIVIND PRELUCRAREA DATELOR CU CARACTER PERSONAL SAMSARA FOODHOUSE - Samsara\" \/>\n<meta property=\"og:description\" content=\"[vc_row][vc_column][vc_column_text] Politica GDPR a site-ului www.samsara.ro Politica privind prelucrarea datelor cu caracter personal SAMSARA FOODHOUSE Politica privind prelucrarea datelor cu caracter personal descrie categoriile de date pe care le prelucr\u0103m, modalitatea \u0219i scopurile \u00een care le colect\u0103m, \u00een ce situa\u021bii transfer\u0103m date cu caracter personal \u0219i diversele drepturi \u0219i op\u021biuni de care dispune\u021bi \u00een acest sens. OPERATORUL DATELOR DUMNEAVOASTR\u0102 CU [&hellip;]\" \/>\n<meta property=\"og:url\" content=\"https:\/\/samsara.ro\/en\/politica-privind-prelucrarea-datelor-cu-caracter-personal-samsara-foodhouse\/\" \/>\n<meta property=\"og:site_name\" content=\"Samsara\" \/>\n<meta property=\"article:modified_time\" content=\"2022-10-18T09:45:03+00:00\" \/>\n<meta name=\"twitter:card\" content=\"summary_large_image\" \/>\n<meta name=\"twitter:label1\" content=\"Est. reading time\" \/>\n\t<meta name=\"twitter:data1\" content=\"10 minutes\" \/>\n<script type=\"application\/ld+json\" class=\"yoast-schema-graph\">{\"@context\":\"https:\/\/schema.org\",\"@graph\":[{\"@type\":\"WebPage\",\"@id\":\"https:\/\/samsara.ro\/en\/politica-privind-prelucrarea-datelor-cu-caracter-personal-samsara-foodhouse\/\",\"url\":\"https:\/\/samsara.ro\/en\/politica-privind-prelucrarea-datelor-cu-caracter-personal-samsara-foodhouse\/\",\"name\":\"POLITICA PRIVIND PRELUCRAREA DATELOR CU CARACTER PERSONAL SAMSARA FOODHOUSE - Samsara\",\"isPartOf\":{\"@id\":\"https:\/\/samsara.ro\/en\/#website\"},\"datePublished\":\"2020-10-22T06:52:22+00:00\",\"dateModified\":\"2022-10-18T09:45:03+00:00\",\"breadcrumb\":{\"@id\":\"https:\/\/samsara.ro\/en\/politica-privind-prelucrarea-datelor-cu-caracter-personal-samsara-foodhouse\/#breadcrumb\"},\"inLanguage\":\"en-US\",\"potentialAction\":[{\"@type\":\"ReadAction\",\"target\":[\"https:\/\/samsara.ro\/en\/politica-privind-prelucrarea-datelor-cu-caracter-personal-samsara-foodhouse\/\"]}]},{\"@type\":\"BreadcrumbList\",\"@id\":\"https:\/\/samsara.ro\/en\/politica-privind-prelucrarea-datelor-cu-caracter-personal-samsara-foodhouse\/#breadcrumb\",\"itemListElement\":[{\"@type\":\"ListItem\",\"position\":1,\"name\":\"Prima pagin\u0103\",\"item\":\"https:\/\/samsara.ro\/en\/\"},{\"@type\":\"ListItem\",\"position\":2,\"name\":\"POLITICA PRIVIND PRELUCRAREA DATELOR CU CARACTER PERSONAL SAMSARA FOODHOUSE\"}]},{\"@type\":\"WebSite\",\"@id\":\"https:\/\/samsara.ro\/en\/#website\",\"url\":\"https:\/\/samsara.ro\/en\/\",\"name\":\"Samsara\",\"description\":\"Restaurant vegetarian\",\"potentialAction\":[{\"@type\":\"SearchAction\",\"target\":{\"@type\":\"EntryPoint\",\"urlTemplate\":\"https:\/\/samsara.ro\/en\/?s={search_term_string}\"},\"query-input\":\"required name=search_term_string\"}],\"inLanguage\":\"en-US\"}]}<\/script>\n<!-- \/ Yoast SEO plugin. -->","yoast_head_json":{"title":"POLITICA PRIVIND PRELUCRAREA DATELOR CU CARACTER PERSONAL SAMSARA FOODHOUSE - Samsara","robots":{"index":"index","follow":"follow","max-snippet":"max-snippet:-1","max-image-preview":"max-image-preview:large","max-video-preview":"max-video-preview:-1"},"canonical":"https:\/\/samsara.ro\/en\/politica-privind-prelucrarea-datelor-cu-caracter-personal-samsara-foodhouse\/","og_locale":"en_US","og_type":"article","og_title":"POLITICA PRIVIND PRELUCRAREA DATELOR CU CARACTER PERSONAL SAMSARA FOODHOUSE - Samsara","og_description":"[vc_row][vc_column][vc_column_text] Politica GDPR a site-ului www.samsara.ro Politica privind prelucrarea datelor cu caracter personal SAMSARA FOODHOUSE Politica privind prelucrarea datelor cu caracter personal descrie categoriile de date pe care le prelucr\u0103m, modalitatea \u0219i scopurile \u00een care le colect\u0103m, \u00een ce situa\u021bii transfer\u0103m date cu caracter personal \u0219i diversele drepturi \u0219i op\u021biuni de care dispune\u021bi \u00een acest sens. OPERATORUL DATELOR DUMNEAVOASTR\u0102 CU [&hellip;]","og_url":"https:\/\/samsara.ro\/en\/politica-privind-prelucrarea-datelor-cu-caracter-personal-samsara-foodhouse\/","og_site_name":"Samsara","article_modified_time":"2022-10-18T09:45:03+00:00","twitter_card":"summary_large_image","twitter_misc":{"Est. reading time":"10 minutes"},"schema":{"@context":"https:\/\/schema.org","@graph":[{"@type":"WebPage","@id":"https:\/\/samsara.ro\/en\/politica-privind-prelucrarea-datelor-cu-caracter-personal-samsara-foodhouse\/","url":"https:\/\/samsara.ro\/en\/politica-privind-prelucrarea-datelor-cu-caracter-personal-samsara-foodhouse\/","name":"POLITICA PRIVIND PRELUCRAREA DATELOR CU CARACTER PERSONAL SAMSARA FOODHOUSE - Samsara","isPartOf":{"@id":"https:\/\/samsara.ro\/en\/#website"},"datePublished":"2020-10-22T06:52:22+00:00","dateModified":"2022-10-18T09:45:03+00:00","breadcrumb":{"@id":"https:\/\/samsara.ro\/en\/politica-privind-prelucrarea-datelor-cu-caracter-personal-samsara-foodhouse\/#breadcrumb"},"inLanguage":"en-US","potentialAction":[{"@type":"ReadAction","target":["https:\/\/samsara.ro\/en\/politica-privind-prelucrarea-datelor-cu-caracter-personal-samsara-foodhouse\/"]}]},{"@type":"BreadcrumbList","@id":"https:\/\/samsara.ro\/en\/politica-privind-prelucrarea-datelor-cu-caracter-personal-samsara-foodhouse\/#breadcrumb","itemListElement":[{"@type":"ListItem","position":1,"name":"Prima pagin\u0103","item":"https:\/\/samsara.ro\/en\/"},{"@type":"ListItem","position":2,"name":"POLITICA PRIVIND PRELUCRAREA DATELOR CU CARACTER PERSONAL SAMSARA FOODHOUSE"}]},{"@type":"WebSite","@id":"https:\/\/samsara.ro\/en\/#website","url":"https:\/\/samsara.ro\/en\/","name":"Samsara","description":"Restaurant vegetarian","potentialAction":[{"@type":"SearchAction","target":{"@type":"EntryPoint","urlTemplate":"https:\/\/samsara.ro\/en\/?s={search_term_string}"},"query-input":"required name=search_term_string"}],"inLanguage":"en-US"}]}},"_links":{"self":[{"href":"https:\/\/samsara.ro\/en\/wp-json\/wp\/v2\/pages\/4316"}],"collection":[{"href":"https:\/\/samsara.ro\/en\/wp-json\/wp\/v2\/pages"}],"about":[{"href":"https:\/\/samsara.ro\/en\/wp-json\/wp\/v2\/types\/page"}],"author":[{"embeddable":true,"href":"https:\/\/samsara.ro\/en\/wp-json\/wp\/v2\/users\/1"}],"replies":[{"embeddable":true,"href":"https:\/\/samsara.ro\/en\/wp-json\/wp\/v2\/comments?post=4316"}],"version-history":[{"count":2,"href":"https:\/\/samsara.ro\/en\/wp-json\/wp\/v2\/pages\/4316\/revisions"}],"predecessor-version":[{"id":7241,"href":"https:\/\/samsara.ro\/en\/wp-json\/wp\/v2\/pages\/4316\/revisions\/7241"}],"wp:attachment":[{"href":"https:\/\/samsara.ro\/en\/wp-json\/wp\/v2\/media?parent=4316"}],"curies":[{"name":"wp","href":"https:\/\/api.w.org\/{rel}","templated":true}]}}